{"id":7,"date":"2009-02-20T10:13:33","date_gmt":"2009-02-20T09:13:33","guid":{"rendered":"http:\/\/www.spezialkanzlei.com\/?page_id=7"},"modified":"2025-06-30T16:11:52","modified_gmt":"2025-06-30T14:11:52","slug":"vita","status":"publish","type":"page","link":"https:\/\/www.kanzlei-michalowski.de\/?page_id=7","title":{"rendered":"Vita"},"content":{"rendered":"<p>&nbsp;<\/p>\n<table>\n<tbody>\n<tr>\n<td width=\"146\"><strong>Beruf<\/strong><\/td>\n<td width=\"246\">\n<ul>\n<li><strong>STEUERBERATER<\/strong><\/li>\n<\/ul>\n<\/td>\n<td rowspan=\"3\" width=\"197\">&nbsp;<\/p>\n<div id=\"attachment_360\" style=\"width: 200px\" class=\"wp-caption aligncenter\"><a href=\"https:\/\/www.kanzlei-michalowski.de\/wp-content\/uploads\/2020\/05\/KM-2020-web-scaled.jpg\"><img loading=\"lazy\" decoding=\"async\" aria-describedby=\"caption-attachment-360\" class=\"wp-image-360 size-medium\" src=\"https:\/\/www.kanzlei-michalowski.de\/wp-content\/uploads\/2020\/05\/KM-2020-web-200x300.jpg\" alt=\"\" width=\"200\" height=\"300\" srcset=\"https:\/\/www.kanzlei-michalowski.de\/wp-content\/uploads\/2020\/05\/KM-2020-web-200x300.jpg 200w, https:\/\/www.kanzlei-michalowski.de\/wp-content\/uploads\/2020\/05\/KM-2020-web-683x1024.jpg 683w, https:\/\/www.kanzlei-michalowski.de\/wp-content\/uploads\/2020\/05\/KM-2020-web-768x1152.jpg 768w, https:\/\/www.kanzlei-michalowski.de\/wp-content\/uploads\/2020\/05\/KM-2020-web-1024x1536.jpg 1024w, https:\/\/www.kanzlei-michalowski.de\/wp-content\/uploads\/2020\/05\/KM-2020-web-1365x2048.jpg 1365w, https:\/\/www.kanzlei-michalowski.de\/wp-content\/uploads\/2020\/05\/KM-2020-web-scaled.jpg 1707w\" sizes=\"auto, (max-width: 200px) 100vw, 200px\" \/><\/a><p id=\"caption-attachment-360\" class=\"wp-caption-text\"><strong>Klaus Michalowski<\/strong><\/p><\/div>\n<p><strong>\u00a0<\/strong><\/td>\n<\/tr>\n<tr>\n<td width=\"146\"><strong>Studium<\/strong><\/td>\n<td width=\"246\">\n<ul>\n<li><strong>Fachhochschule f\u00fcr Finanzen, Nordkirchen &#8211;<br \/>\nAbschluss: Diplom-Finanzwirt<\/strong><\/li>\n<li><strong>European Business School, Oestrich-Winkel Abschluss: Finanz\u00f6konom.ebs<\/strong><\/li>\n<\/ul>\n<\/td>\n<\/tr>\n<tr>\n<td width=\"146\"><strong>Zusatz-Qualifikationen<\/strong><\/td>\n<td width=\"246\">\n<ul>\n<li><strong>Wirtschaftsmediator (EBS)<\/strong><\/li>\n<li><strong>Zertifizierter Family Officer (FvF)<\/strong><\/li>\n<\/ul>\n<\/td>\n<\/tr>\n<tr>\n<td width=\"146\"><strong>Schwerpunktbereiche<\/strong><\/td>\n<td width=\"246\">\n<ul>\n<li><strong>Beratung von verm\u00f6genden und einkommensstarken Privatpersonen und Unternehmern<\/strong><\/li>\n<li><strong>Generationenmanagement<\/strong><\/li>\n<li><strong>Verm\u00f6gensnachfolgeberatung<\/strong><\/li>\n<li><strong>Finanz- &amp; Verm\u00f6gensplanung<\/strong><\/li>\n<li><strong>steuer- und finanzplanerische Beratung in Verm\u00f6gensfragen<\/strong><\/li>\n<li><strong>Family-Office-Service<\/strong><\/li>\n<li><strong>Wirtschaftsmediation<\/strong><\/li>\n<\/ul>\n<\/td>\n<td width=\"197\"><\/td>\n<\/tr>\n<tr>\n<td width=\"146\"><strong>Erfahrung<\/strong><\/td>\n<td width=\"246\"><strong>\u00a0<\/strong><\/td>\n<td width=\"197\"><strong>\u00a0<\/strong><\/td>\n<\/tr>\n<tr>\n<td width=\"146\"><strong>1989<\/strong><\/td>\n<td width=\"246\"><strong>Steuerinspektor zA, Finanzverwaltung NRW<\/strong><\/td>\n<td width=\"197\"><strong>\u00a0<\/strong><\/td>\n<\/tr>\n<tr>\n<td width=\"146\"><strong>1989 bis 1998<\/strong><\/td>\n<td width=\"246\"><strong>Steuerberatung<\/strong><\/td>\n<td width=\"197\"><strong>\u00a0<\/strong><\/td>\n<\/tr>\n<tr>\n<td width=\"146\"><strong>1999 bis 2001<\/strong><\/td>\n<td width=\"246\"><strong>Director im Private Banking<\/strong><\/p>\n<ul>\n<li><strong>ABN AMRO (Deutschland) AG<\/strong><\/li>\n<li><strong>UBS AG \/ Schr\u00f6der M\u00fcnchmeyer Hengst AG<\/strong><\/li>\n<\/ul>\n<\/td>\n<td width=\"197\"><strong>\u00a0<\/strong><\/td>\n<\/tr>\n<tr>\n<td width=\"146\"><strong>seit Ende 2001<\/strong><\/td>\n<td width=\"246\"><strong>freiberuflich t\u00e4tig (siehe <a href=\"http:\/\/www.kanzlei-michalowski.de\/?page_id=5\">Beratungskompetenz<\/a>)<\/strong><\/td>\n<td width=\"197\"><strong>\u00a0<\/strong><\/td>\n<\/tr>\n<tr>\n<td width=\"146\"><strong> Mitgliedschaften<\/strong><\/td>\n<td width=\"246\">\n<ul>\n<li><strong>Steuerberaterkammer Westfalen-Lippe<\/strong><\/li>\n<li><strong>Steuerberaterverband Westfalen-Lippe e.V.<\/strong><\/li>\n<li><strong>Steuerberaterverein Nordrhein-Westfalen e.V.<\/strong><\/li>\n<li><strong>Deutsche Vereinigung f\u00fcr Erbrecht und Verm\u00f6gensnachfolge e.V.<\/strong><\/li>\n<\/ul>\n<\/td>\n<td width=\"197\"><strong>\u00a0<\/strong><\/td>\n<\/tr>\n<tr>\n<td width=\"146\"><strong>\u00a0<\/strong><\/td>\n<td width=\"246\"><strong>\u00a0<\/strong><\/td>\n<td width=\"197\"><strong>\u00a0<\/strong><\/td>\n<\/tr>\n<\/tbody>\n<\/table>\n<p>&nbsp;<\/p>\n<p>&nbsp;<\/p>\n<p>&nbsp;<\/p>\n","protected":false},"excerpt":{"rendered":"<p>&nbsp; Beruf STEUERBERATER &nbsp; \u00a0 Studium Fachhochschule f\u00fcr Finanzen, Nordkirchen &#8211; Abschluss: Diplom-Finanzwirt European Business School, Oestrich-Winkel Abschluss: Finanz\u00f6konom.ebs Zusatz-Qualifikationen Wirtschaftsmediator (EBS) Zertifizierter Family Officer (FvF) Schwerpunktbereiche Beratung von verm\u00f6genden und einkommensstarken Privatpersonen und Unternehmern Generationenmanagement Verm\u00f6gensnachfolgeberatung Finanz- &amp; Verm\u00f6gensplanung steuer- und finanzplanerische Beratung in Verm\u00f6gensfragen Family-Office-Service Wirtschaftsmediation Erfahrung \u00a0 \u00a0 1989 Steuerinspektor zA, Finanzverwaltung &hellip; <\/p>\n<p><a class=\"more-link btn\" href=\"https:\/\/www.kanzlei-michalowski.de\/?page_id=7\">Weiterlesen<\/a><\/p>\n","protected":false},"author":1,"featured_media":0,"parent":0,"menu_order":0,"comment_status":"closed","ping_status":"closed","template":"","meta":{"footnotes":"","_links_to":"","_links_to_target":""},"class_list":["post-7","page","type-page","status-publish","hentry","nodate","item-wrap"],"_links":{"self":[{"href":"https:\/\/www.kanzlei-michalowski.de\/index.php?rest_route=\/wp\/v2\/pages\/7","targetHints":{"allow":["GET"]}}],"collection":[{"href":"https:\/\/www.kanzlei-michalowski.de\/index.php?rest_route=\/wp\/v2\/pages"}],"about":[{"href":"https:\/\/www.kanzlei-michalowski.de\/index.php?rest_route=\/wp\/v2\/types\/page"}],"author":[{"embeddable":true,"href":"https:\/\/www.kanzlei-michalowski.de\/index.php?rest_route=\/wp\/v2\/users\/1"}],"replies":[{"embeddable":true,"href":"https:\/\/www.kanzlei-michalowski.de\/index.php?rest_route=%2Fwp%2Fv2%2Fcomments&post=7"}],"version-history":[{"count":38,"href":"https:\/\/www.kanzlei-michalowski.de\/index.php?rest_route=\/wp\/v2\/pages\/7\/revisions"}],"predecessor-version":[{"id":385,"href":"https:\/\/www.kanzlei-michalowski.de\/index.php?rest_route=\/wp\/v2\/pages\/7\/revisions\/385"}],"wp:attachment":[{"href":"https:\/\/www.kanzlei-michalowski.de\/index.php?rest_route=%2Fwp%2Fv2%2Fmedia&parent=7"}],"curies":[{"name":"wp","href":"https:\/\/api.w.org\/{rel}","templated":true}]}}